{"id":569,"date":"2025-07-17T16:56:32","date_gmt":"2025-07-17T16:56:32","guid":{"rendered":"https:\/\/colegioacoinprev.edu.co\/?page_id=569"},"modified":"2025-10-16T17:29:24","modified_gmt":"2025-10-16T17:29:24","slug":"nuestro-colegio","status":"publish","type":"page","link":"https:\/\/colegioacoinprev.edu.co\/en\/nuestro-colegio\/","title":{"rendered":"Our School"},"content":{"rendered":"\n\n\n\n\n\n\n\n\n<h2 [object NamedNodeMap]>\u00a1Bienvenidos a colegio acoinprev!<\/h2>\n\n\n\n\n\n<h2>SINCE 1989<\/h2>\n\n<p>Lorem Ipsum has been the industry&#8217;s standard dummy text ever since the 1500s.<\/p>\n\n\n\n<h2>\u00bfPor que elegir acoinprev?<\/h2>\n\n\n\n<p><span id=\"docs-internal-guid-de0690c9-7fff-3752-db17-e20696dd3fb4\"><\/span><\/p><ul style=\"margin-top:0;margin-bottom:0;padding-inline-start:48px;\"><li dir=\"ltr\" style=\"list-style-type: disc; font-size: 11pt; font-family: Arial, sans-serif; color: rgb(0, 0, 0); background-color: transparent; font-style: normal; font-variant: normal; text-decoration: none; vertical-align: baseline; white-space: pre;\" aria-level=\"1\"><p dir=\"ltr\" style=\"line-height: 1.38; margin-top: 12pt; margin-bottom: 0pt;\" role=\"presentation\"><span style=\"font-size: 11pt; font-family: Arial, sans-serif; color: rgb(0, 0, 0); background-color: transparent; font-style: normal; font-variant: normal; text-decoration: none; vertical-align: baseline; white-space: pre-wrap;\">E<\/span><span style=\"font-weight: 700; font-size: 11pt; font-family: Arial, sans-serif; color: rgb(0, 0, 0); background-color: transparent; font-style: normal; font-variant: normal; text-decoration: none; vertical-align: baseline; white-space: pre-wrap;\">ducamos con prop\u00f3sito eterno<\/span><span style=\"font-weight: 400; font-size: 11pt; font-family: Arial, sans-serif; color: rgb(0, 0, 0); background-color: transparent; font-style: normal; font-variant: normal; text-decoration: none; vertical-align: baseline; white-space: pre-wrap;\">: cada ense\u00f1anza est\u00e1 centrada en valores cristianos que fortalecen el car\u00e1cter y la fe de nuestros estudiantes.\n\n<\/span><\/p><\/li><li dir=\"ltr\" style=\"list-style-type:disc;font-size:11pt;font-family:Arial,sans-serif;color:#000000;background-color:transparent;font-weight:400;font-style:normal;font-variant:normal;text-decoration:none;vertical-align:baseline;white-space:pre;\" aria-level=\"1\"><p dir=\"ltr\" style=\"line-height:1.38;margin-top:0pt;margin-bottom:0pt;\" role=\"presentation\"><span style=\"font-size:11pt;font-family:Arial,sans-serif;color:#000000;background-color:transparent;font-weight:400;font-style:normal;font-variant:normal;text-decoration:none;vertical-align:baseline;white-space:pre;white-space:pre-wrap;\">Contamos con un <\/span><span style=\"font-size:11pt;font-family:Arial,sans-serif;color:#000000;background-color:transparent;font-weight:700;font-style:normal;font-variant:normal;text-decoration:none;vertical-align:baseline;white-space:pre;white-space:pre-wrap;\">proyecto educativo s\u00f3lido<\/span><span style=\"font-size:11pt;font-family:Arial,sans-serif;color:#000000;background-color:transparent;font-weight:400;font-style:normal;font-variant:normal;text-decoration:none;vertical-align:baseline;white-space:pre;white-space:pre-wrap;\">, que une la formaci\u00f3n acad\u00e9mica con herramientas para la vida, el pensamiento cr\u00edtico, el trabajo en equipo y la creatividad.\n\n<\/span><\/p><\/li><li dir=\"ltr\" style=\"list-style-type:disc;font-size:11pt;font-family:Arial,sans-serif;color:#000000;background-color:transparent;font-weight:400;font-style:normal;font-variant:normal;text-decoration:none;vertical-align:baseline;white-space:pre;\" aria-level=\"1\"><p dir=\"ltr\" style=\"line-height:1.38;margin-top:0pt;margin-bottom:0pt;\" role=\"presentation\"><span style=\"font-size:11pt;font-family:Arial,sans-serif;color:#000000;background-color:transparent;font-weight:400;font-style:normal;font-variant:normal;text-decoration:none;vertical-align:baseline;white-space:pre;white-space:pre-wrap;\">Ofrecemos un <\/span><span style=\"font-size:11pt;font-family:Arial,sans-serif;color:#000000;background-color:transparent;font-weight:700;font-style:normal;font-variant:normal;text-decoration:none;vertical-align:baseline;white-space:pre;white-space:pre-wrap;\">ambiente seguro, respetuoso y cercano<\/span><span style=\"font-size:11pt;font-family:Arial,sans-serif;color:#000000;background-color:transparent;font-weight:400;font-style:normal;font-variant:normal;text-decoration:none;vertical-align:baseline;white-space:pre;white-space:pre-wrap;\">, donde cada ni\u00f1o es valorado, escuchado y guiado en su desarrollo personal.\n\n<\/span><\/p><\/li><li dir=\"ltr\" style=\"list-style-type:disc;font-size:11pt;font-family:Arial,sans-serif;color:#000000;background-color:transparent;font-weight:400;font-style:normal;font-variant:normal;text-decoration:none;vertical-align:baseline;white-space:pre;\" aria-level=\"1\"><p dir=\"ltr\" style=\"line-height:1.38;margin-top:0pt;margin-bottom:12pt;\" role=\"presentation\"><span style=\"font-size:11pt;font-family:Arial,sans-serif;color:#000000;background-color:transparent;font-weight:400;font-style:normal;font-variant:normal;text-decoration:none;vertical-align:baseline;white-space:pre;white-space:pre-wrap;\">Fortalecemos el liderazgo y el emprendimiento desde edades tempranas, a trav\u00e9s de proyectos como el <\/span><span style=\"font-size:11pt;font-family:Arial,sans-serif;color:#000000;background-color:transparent;font-weight:700;font-style:normal;font-variant:normal;text-decoration:none;vertical-align:baseline;white-space:pre;white-space:pre-wrap;\">Proyecto de Integraci\u00f3n Empresarial<\/span><span style=\"font-size:11pt;font-family:Arial,sans-serif;color:#000000;background-color:transparent;font-weight:400;font-style:normal;font-variant:normal;text-decoration:none;vertical-align:baseline;white-space:pre;white-space:pre-wrap;\">.<\/span><\/p><\/li><li dir=\"ltr\" style=\"list-style-type:disc;font-size:11pt;font-family:Arial,sans-serif;color:#000000;background-color:transparent;font-weight:400;font-style:normal;font-variant:normal;text-decoration:none;vertical-align:baseline;white-space:pre;\" aria-level=\"1\"><p dir=\"ltr\" style=\"line-height:1.38;margin-top:12pt;margin-bottom:0pt;\" role=\"presentation\"><span style=\"font-size:11pt;font-family:Arial,sans-serif;color:#000000;background-color:transparent;font-weight:400;font-style:normal;font-variant:normal;text-decoration:none;vertical-align:baseline;white-space:pre;white-space:pre-wrap;\">Promovemos el amor al pr\u00f3jimo y la solidaridad a trav\u00e9s de actividades pastorales que impactan tanto a la comunidad interna como externa.<\/span><\/p><\/li><\/ul>\n\n\n\n\n\n\n\n\nPropuesta de Valor\n\n\n<p [object NamedNodeMap]><span id=\"docs-internal-guid-cc05236b-7fff-beec-6d78-aa17f6880257\"><span style=\"font-size: 11pt; font-family: Arial, sans-serif; color: rgb(0, 0, 0); font-variant-numeric: normal; font-variant-east-asian: normal; font-variant-alternates: normal; font-variant-position: normal; font-variant-emoji: normal; vertical-align: baseline; white-space-collapse: preserve;\">En ACOINPREV formamos <\/span><span style=\"font-size: 11pt; font-family: Arial, sans-serif; color: rgb(0, 0, 0); font-weight: 700; font-variant-numeric: normal; font-variant-east-asian: normal; font-variant-alternates: normal; font-variant-position: normal; font-variant-emoji: normal; vertical-align: baseline; white-space-collapse: preserve;\">hombres y mujeres con principios Cristo-c\u00e9ntricos que transforman vidas<\/span><span style=\"font-size: 11pt; font-family: Arial, sans-serif; color: rgb(0, 0, 0); font-variant-numeric: normal; font-variant-east-asian: normal; font-variant-alternates: normal; font-variant-position: normal; font-variant-emoji: normal; vertical-align: baseline; white-space-collapse: preserve;\">. Nuestra propuesta de valor combina<\/span><\/span><\/p>\n\n\n\n\n<p><span style=\"font-family: Arial, sans-serif; font-size: 11pt; white-space-collapse: preserve;\">Con \u00e9nfasis en gesti\u00f3n empresarial, dise\u00f1o gr\u00e1fico e ingl\u00e9s intensivo.<\/span><\/p>\n\n\n\n\n<p><span style=\"font-family: Arial, sans-serif; font-size: 11pt; white-space-collapse: preserve;\">Integrando plataformas digitales como Udeki, Arukay y Grupo Educate Colombia.<\/span><\/p>\n\n\n\n\n<p><span style=\"font-family: Arial, sans-serif; font-size: 11pt; white-space-collapse: preserve;\">Con tiempos devocionales, eventos pastorales y acompa\u00f1amiento constante.<\/span><\/p>\n\n\n\n\n<p><span style=\"font-family: Arial, sans-serif; font-size: 11pt; white-space-collapse: preserve;\">Como la Feria Empresarial, el Campamento New Generation, la Semana de \u00c9nfasis Espiritual y actividades sociales como la Caravana de Amor.<\/span><\/p>\n\n\n\n\n<p><span style=\"font-size: 14.6667px; font-family: Arial, sans-serif; white-space-collapse: preserve;\">Contamos con un equipo docente comprometido con <\/span><strong style=\"font-family: &quot;Varela Round&quot;;\">la excelencia, el amor y la vocaci\u00f3n de servicio.<\/strong><\/p>\n\n\n\n\n\n\n\n\n\n<p style=\"text-align: center;\"><span id=\"docs-internal-guid-687114df-7fff-8e7b-c9c4-857d70cb756f\"><span style=\"font-size: x-large; font-family: Arial, sans-serif; color: rgb(23, 48, 65); font-weight: 700; font-variant-numeric: normal; font-variant-east-asian: normal; font-variant-alternates: normal; font-variant-position: normal; font-variant-emoji: normal; vertical-align: baseline; white-space-collapse: preserve;\">ACOINPREV no solo es un colegio. Es una familia que forma l\u00edderes con prop\u00f3sito, fe y visi\u00f3n.<\/span><span style=\"font-size: 11pt; font-family: Arial, sans-serif; color: rgb(0, 0, 0); font-weight: 700; font-variant-numeric: normal; font-variant-east-asian: normal; font-variant-alternates: normal; font-variant-position: normal; font-variant-emoji: normal; vertical-align: baseline; white-space-collapse: preserve;\"><br><\/span><span style=\"font-size: 11pt; font-family: Arial, sans-serif; color: rgb(0, 0, 0); font-variant-numeric: normal; font-variant-east-asian: normal; font-variant-alternates: normal; font-variant-position: normal; font-variant-emoji: normal; vertical-align: baseline; white-space-collapse: preserve;\"> <span style=\"font-size:medium;\">\u00bfEst\u00e1s listo para que tu hijo crezca en un entorno donde Dios transforma y la educaci\u00f3n impulsa?<\/span><\/span><\/span><\/p><span style=\"color: rgb(191, 191, 191);\"><\/span>\n\n\n\n","protected":false},"excerpt":{"rendered":"","protected":false},"author":1,"featured_media":0,"parent":0,"menu_order":0,"comment_status":"closed","ping_status":"closed","template":"","meta":{"pagelayer_contact_templates":[],"_pagelayer_content":"","footnotes":""},"class_list":["post-569","page","type-page","status-publish","hentry"],"_links":{"self":[{"href":"https:\/\/colegioacoinprev.edu.co\/en\/wp-json\/wp\/v2\/pages\/569","targetHints":{"allow":["GET"]}}],"collection":[{"href":"https:\/\/colegioacoinprev.edu.co\/en\/wp-json\/wp\/v2\/pages"}],"about":[{"href":"https:\/\/colegioacoinprev.edu.co\/en\/wp-json\/wp\/v2\/types\/page"}],"author":[{"embeddable":true,"href":"https:\/\/colegioacoinprev.edu.co\/en\/wp-json\/wp\/v2\/users\/1"}],"replies":[{"embeddable":true,"href":"https:\/\/colegioacoinprev.edu.co\/en\/wp-json\/wp\/v2\/comments?post=569"}],"version-history":[{"count":9,"href":"https:\/\/colegioacoinprev.edu.co\/en\/wp-json\/wp\/v2\/pages\/569\/revisions"}],"predecessor-version":[{"id":683,"href":"https:\/\/colegioacoinprev.edu.co\/en\/wp-json\/wp\/v2\/pages\/569\/revisions\/683"}],"wp:attachment":[{"href":"https:\/\/colegioacoinprev.edu.co\/en\/wp-json\/wp\/v2\/media?parent=569"}],"curies":[{"name":"wp","href":"https:\/\/api.w.org\/{rel}","templated":true}]}}