{"id":103,"date":"2025-01-27T00:38:25","date_gmt":"2025-01-27T00:38:25","guid":{"rendered":"https:\/\/colegioacoinprev.edu.co\/?page_id=103"},"modified":"2025-10-16T17:35:04","modified_gmt":"2025-10-16T17:35:04","slug":"nuestra-historia","status":"publish","type":"page","link":"https:\/\/colegioacoinprev.edu.co\/es_es\/nuestra-historia\/","title":{"rendered":"Nuestra Historia"},"content":{"rendered":"\n\n\n\n\n\n\n\n\n\n\n\n<h2>Un Legado de Fe y Educaci\u00f3n Transformadora<\/h2>\n<p>Desde 1989, el Colegio Colombo Internacional ACOINPREV ha sido una luz de esperanza y cambio social, combinando excelencia educativa con valores cristoc\u00e9ntricos.\n<br>Nuestra historia es un testimonio de fe, compromiso y transformaci\u00f3n. <\/p>\n\n\n\n\n\n\n<h2>Fundaci\u00f3n y Prop\u00f3sito (1989) <\/h2>\n<p>El colegio naci\u00f3 del llamado y la visi\u00f3n de los misioneros Kris Ramsahai y Chaitram Gayah, quienes fundaron ACOINPREV para proclamar el evangelio y promover un cambio social a trav\u00e9s de la educaci\u00f3n cristiana.<\/p>\n\n\n\n\n\n\n\n\n\n\n<h2>Significado de ACOINPREV <\/h2>\n<p>Asociaci\u00f3n Colombiana e Internacional para la Prevenci\u00f3n de la Droga: una organizaci\u00f3n internacional dedicada a obras sociales, apoyando a personas vulnerables como hu\u00e9rfanos y comunidades en condiciones de pobreza extrema..<\/p>\n\n\n\n\n<h2>Crecimiento y Consolidaci\u00f3n <\/h2>\n<p><b>1998: <\/b>Compra del lote para construir nuestra sede propia. <br>\n<b>1999: <\/b>Inicio de labores acad\u00e9micas en la sede actual.<br>\n<b>2001:<\/b> Autorizaci\u00f3n oficial para operar en la nueva planta f\u00edsica, ofreciendo educaci\u00f3n preescolar y b\u00e1sica primaria.<br>\n<b>2008:<\/b> Expansi\u00f3n oficial para incluir educaci\u00f3n B\u00e1sica Secundaria y Media Vocacional.<br>\n<b>2018:<\/b> Apertura de nuestra sede de preescolar.<\/p>\n\n\n\n\n\n\n\n\n\n\n<h2>Un Legado que Perdura<\/h2>\n<p>La partida del fundador, el misionero <b>Kris Ramsahai<\/b>, en 2019 marc\u00f3 un nuevo cap\u00edtulo en nuestra historia, liderado por la <b>Dra. Martha Patricia D\u00edaz Malaver<\/b>, comprometida con la misi\u00f3n de formar generaciones que transformen su entorno con valores cristoc\u00e9ntricos.<\/p>\n\n\n<p>ACOINPREV no es solo un colegio, es una comunidad comprometida con la formaci\u00f3n integral de l\u00edderes que reflejan el amor de Cristo en sus vidas y en el mundo. <\/p>\n\n\n\n\n\n\n","protected":false},"excerpt":{"rendered":"","protected":false},"author":1,"featured_media":0,"parent":0,"menu_order":0,"comment_status":"closed","ping_status":"closed","template":"","meta":{"pagelayer_contact_templates":[],"_pagelayer_content":"","footnotes":""},"class_list":["post-103","page","type-page","status-publish","hentry"],"_links":{"self":[{"href":"https:\/\/colegioacoinprev.edu.co\/es_es\/wp-json\/wp\/v2\/pages\/103","targetHints":{"allow":["GET"]}}],"collection":[{"href":"https:\/\/colegioacoinprev.edu.co\/es_es\/wp-json\/wp\/v2\/pages"}],"about":[{"href":"https:\/\/colegioacoinprev.edu.co\/es_es\/wp-json\/wp\/v2\/types\/page"}],"author":[{"embeddable":true,"href":"https:\/\/colegioacoinprev.edu.co\/es_es\/wp-json\/wp\/v2\/users\/1"}],"replies":[{"embeddable":true,"href":"https:\/\/colegioacoinprev.edu.co\/es_es\/wp-json\/wp\/v2\/comments?post=103"}],"version-history":[{"count":5,"href":"https:\/\/colegioacoinprev.edu.co\/es_es\/wp-json\/wp\/v2\/pages\/103\/revisions"}],"predecessor-version":[{"id":693,"href":"https:\/\/colegioacoinprev.edu.co\/es_es\/wp-json\/wp\/v2\/pages\/103\/revisions\/693"}],"wp:attachment":[{"href":"https:\/\/colegioacoinprev.edu.co\/es_es\/wp-json\/wp\/v2\/media?parent=103"}],"curies":[{"name":"wp","href":"https:\/\/api.w.org\/{rel}","templated":true}]}}