{"id":112,"date":"2025-01-27T00:38:36","date_gmt":"2025-01-27T00:38:36","guid":{"rendered":"https:\/\/colegioacoinprev.edu.co\/?page_id=112"},"modified":"2025-10-16T17:38:24","modified_gmt":"2025-10-16T17:38:24","slug":"nuestros-objetivos","status":"publish","type":"page","link":"https:\/\/colegioacoinprev.edu.co\/es_es\/nuestros-objetivos\/","title":{"rendered":"Nuestros Objetivos"},"content":{"rendered":"\n\n\n\n\n\n\n\n\n\n\n\n\n\n\n<h2>Misi\u00f3n, Visi\u00f3n y Objetivos<\/h2>\n<p>En el Colegio Colombo Internacional ACOINPREV, nuestra Misi\u00f3n y Visi\u00f3n reflejan el prop\u00f3sito de educar con valores y principios cristoc\u00e9ntricos. Explora c\u00f3mo estas bases nos permiten impactar vidas y construir un legado duradero. <\/p>\n\n\n\n\n<p><span style=\"font-size: large; color: rgb(0, 0, 0);\">El Colegio Colombo Internacional Acoinprev forma ni\u00f1os, ni\u00f1as y j\u00f3venes l\u00edderes con fundamentos Cristo-c\u00e9ntricos, orientando el desarrollo espiritual, acad\u00e9mico y social con enfoque en gesti\u00f3n empresarial para las competencias laborales y la vida.<\/span><br><\/p>\n\n\n\n\n\n\n<p><span style=\"font-size: large; color: rgb(0, 0, 0);\">Ser en el a\u00f1o 2025 una instituci\u00f3n educativa reconocida por la formaci\u00f3n de l\u00edderes en gesti\u00f3n empresarial con s\u00f3lidos principios y valores Cristo-c\u00e9ntricos.<\/span><br><\/p>\n\n\n\n\n\n\n\n\n<h2>Objetivos Institucionales<\/h2>\n\n\n<p class=\"MsoNormal\"><span style=\"color: rgb(0, 0, 0); font-size: large;\">Contribuir a la formaci\u00f3n integral del (a) ni\u00f1o (a) en sus dimensiones espiritual, personal, social, intelectual y vocacional con fundamento en los principios b\u00edblicos.<\/span><br><\/p>\n\n\n<p class=\"MsoNormal\"><span style=\"color: rgb(0, 0, 0); font-size: large;\">Promover el desarrollo cient\u00edfico-investigativo a trav\u00e9s de la conformaci\u00f3n de semilleros de investigaci\u00f3n con enfoque empresarial.<\/span><\/p>\n\n\n\n\n<p class=\"MsoNormal\"><span style=\"color:#000000;\"><\/span><\/p><span style=\"font-size:large;\"><p class=\"MsoNormal\"><span style=\"color: rgb(0, 0, 0); font-size: large;\">Generar espacios de participaci\u00f3n a los diferentes miembros de la Comunidad Educativa, en la construcci\u00f3n del proyecto Educativo Institucional (PEI) dentro de una convivencia sana y creativa.<\/span><\/p><p class=\"MsoNormal\"><span style=\"color: rgb(0, 0, 0); font-size: large;\"><br><\/span><\/p><\/span>\n\n\n<p class=\"MsoNormal\"><span style=\"color: rgb(0, 0, 0); font-size: large;\">Aplicar estrategias pedag\u00f3gicas basadas en la ense\u00f1anza de procesos de pensamiento (informaci\u00f3n, comprensi\u00f3n, an\u00e1lisis, integraci\u00f3n, aplicaci\u00f3n y valoraci\u00f3n) que garanticen el desempe\u00f1o competente del (a) ni\u00f1o (a) en sus diferentes disciplinas.<\/span><\/p>\n\n\n\n\n\n\n<h2>Principios y valores <br> de la comunidad educativa<\/h2>\n<p>La comunidad educativa del colegio ACOINPREV, se caracteriza por la vivencia de los principios cristianos entendidos como: <\/p>\n\n\nFilipenses 4:8-9\n2 Timoteo 1:7 <br>\nRomanos 12:2\n\n\n\n\n\n\n\n\n\n\n\n\n\n\n\n\n\n\n\nMarcos 12:30 <br>\nTesalonicenses 5:23 <br>\n Marcos 12:31\nMateo 28: 19-20\n\n\n\n\n","protected":false},"excerpt":{"rendered":"","protected":false},"author":1,"featured_media":0,"parent":0,"menu_order":0,"comment_status":"closed","ping_status":"closed","template":"","meta":{"pagelayer_contact_templates":[],"_pagelayer_content":"","footnotes":""},"class_list":["post-112","page","type-page","status-publish","hentry"],"_links":{"self":[{"href":"https:\/\/colegioacoinprev.edu.co\/es_es\/wp-json\/wp\/v2\/pages\/112","targetHints":{"allow":["GET"]}}],"collection":[{"href":"https:\/\/colegioacoinprev.edu.co\/es_es\/wp-json\/wp\/v2\/pages"}],"about":[{"href":"https:\/\/colegioacoinprev.edu.co\/es_es\/wp-json\/wp\/v2\/types\/page"}],"author":[{"embeddable":true,"href":"https:\/\/colegioacoinprev.edu.co\/es_es\/wp-json\/wp\/v2\/users\/1"}],"replies":[{"embeddable":true,"href":"https:\/\/colegioacoinprev.edu.co\/es_es\/wp-json\/wp\/v2\/comments?post=112"}],"version-history":[{"count":6,"href":"https:\/\/colegioacoinprev.edu.co\/es_es\/wp-json\/wp\/v2\/pages\/112\/revisions"}],"predecessor-version":[{"id":696,"href":"https:\/\/colegioacoinprev.edu.co\/es_es\/wp-json\/wp\/v2\/pages\/112\/revisions\/696"}],"wp:attachment":[{"href":"https:\/\/colegioacoinprev.edu.co\/es_es\/wp-json\/wp\/v2\/media?parent=112"}],"curies":[{"name":"wp","href":"https:\/\/api.w.org\/{rel}","templated":true}]}}