{"id":133,"date":"2025-01-27T00:36:52","date_gmt":"2025-01-27T00:36:52","guid":{"rendered":"https:\/\/colegioacoinprev.edu.co\/?page_id=133"},"modified":"2025-10-16T17:37:53","modified_gmt":"2025-10-16T17:37:53","slug":"nuestros-simbolos","status":"publish","type":"page","link":"https:\/\/colegioacoinprev.edu.co\/es_es\/nuestros-simbolos\/","title":{"rendered":"Nuestros S\u00edmbolos"},"content":{"rendered":"\n\n\n\n\n\n\n\n<h2>Nuestra bandera<\/h2>\n<p>Nuestra bandera tiene los colores rojo, blanco y azul, distribuidos en franjas verticales. <\/p>\n\n\n<p><b>El azul <\/b>simboliza la morada celestial junto a nuestro Padre y evoca los cielos abiertos que representan la presencia de Dios en nosotros.\n<br><b>Palabra Clave: PRESENCIA DE DIOS.\n <\/p>\n<p><b>El blanco<\/b> representa la limpieza al confesar nuestros pecados y al recibir a Jesucristo como nuestro Se\u00f1or y Salvador personal, de esta forma nos convertimos en hijos de Dios y miembros de la familia del Reino Celestial. Adem\u00e1s simboliza la santidad que cada cristiano con ayuda del poder del Esp\u00edritu Santo debe procurar en el d\u00eda a d\u00eda. \n<br><b>Palabra Clave: SANTIDAD\n <\/p>\n<p><b>El rojo <\/b>representa la sangre que derramo nuestro salvador Jesucristo en la cruz del calvario por amor a la humanidad para redenci\u00f3n de nuestros pecados. \n<br><b>Palabra Clave: SALVACI\u00d3N.\n <\/p>\n\n\n\n\n\n\n\n\n\n<h2>NuestrO HIMNO<\/h2>\n\n\n\n\n\n\n\n","protected":false},"excerpt":{"rendered":"","protected":false},"author":1,"featured_media":0,"parent":0,"menu_order":0,"comment_status":"closed","ping_status":"closed","template":"","meta":{"pagelayer_contact_templates":[],"_pagelayer_content":"","footnotes":""},"class_list":["post-133","page","type-page","status-publish","hentry"],"_links":{"self":[{"href":"https:\/\/colegioacoinprev.edu.co\/es_es\/wp-json\/wp\/v2\/pages\/133","targetHints":{"allow":["GET"]}}],"collection":[{"href":"https:\/\/colegioacoinprev.edu.co\/es_es\/wp-json\/wp\/v2\/pages"}],"about":[{"href":"https:\/\/colegioacoinprev.edu.co\/es_es\/wp-json\/wp\/v2\/types\/page"}],"author":[{"embeddable":true,"href":"https:\/\/colegioacoinprev.edu.co\/es_es\/wp-json\/wp\/v2\/users\/1"}],"replies":[{"embeddable":true,"href":"https:\/\/colegioacoinprev.edu.co\/es_es\/wp-json\/wp\/v2\/comments?post=133"}],"version-history":[{"count":13,"href":"https:\/\/colegioacoinprev.edu.co\/es_es\/wp-json\/wp\/v2\/pages\/133\/revisions"}],"predecessor-version":[{"id":695,"href":"https:\/\/colegioacoinprev.edu.co\/es_es\/wp-json\/wp\/v2\/pages\/133\/revisions\/695"}],"wp:attachment":[{"href":"https:\/\/colegioacoinprev.edu.co\/es_es\/wp-json\/wp\/v2\/media?parent=133"}],"curies":[{"name":"wp","href":"https:\/\/api.w.org\/{rel}","templated":true}]}}