{"id":510,"date":"2025-06-19T20:33:32","date_gmt":"2025-06-19T20:33:32","guid":{"rendered":"https:\/\/colegioacoinprev.edu.co\/?page_id=510"},"modified":"2025-11-07T16:44:11","modified_gmt":"2025-11-07T16:44:11","slug":"plataformas-digitales","status":"publish","type":"page","link":"https:\/\/colegioacoinprev.edu.co\/es_es\/plataformas-digitales\/","title":{"rendered":"Plataformas Digitales"},"content":{"rendered":"\n\n\n\n\n\n\n\n\n\n<p>En el Colegio Colombo Internacional ACOINPREV potenciamos la educaci\u00f3n con el uso de herramientas tecnol\u00f3gicas que fortalecen los procesos pedag\u00f3gicos, administrativos y de comunicaci\u00f3n. Estas plataformas acompa\u00f1an la experiencia acad\u00e9mica desde Preescolar hasta grado 11\u00b0, asegurando un entorno digital accesible, organizado y conectado con las exigencias actuales.\n\n <\/p>\n\n\n\n\n\n\nHerramientas en uso\n\n\n\n<p style=\"text-align: left;\" color:=\"\" rgb(128,=\"\" 24,=\"\" 44);=\"\" font-size:=\"\" 15px;\"=\"\"><span style=\"font-size:medium;\"><span style=\"color:#ffffff;\">Cada estudiante cuenta con un correo institucional que le da acceso a plataformas como Google Classroom y Google Meet, especialmente \u00fatil para clases virtuales o situaciones donde el servicio presencial no est\u00e9 disponible.<\/span><\/span><span style=\"color:#ffffff;\"><\/span>\n<\/p>\n\n\n\n<p style=\"text-align: left;\" color:=\"\" rgb(128,=\"\" 24,=\"\" 44);=\"\" font-size:=\"\" 15px;\"=\"\"><span style=\"font-size:medium;\"><span style=\"color:#ffffff;\">Plataforma integral para la gesti\u00f3n acad\u00e9mica y administrativa. Desde all\u00ed se manejan procesos de admisi\u00f3n, matr\u00edcula, cartera, boletines, tareas y actividades. Adem\u00e1s, funciona como canal de comunicaci\u00f3n con padres de familia y estudiantes.<\/span><\/span><span style=\"color:#ffffff;\"><\/span>\n<\/p>\n\n\n\n<p style=\"text-align: left;\" color:=\"\" rgb(128,=\"\" 24,=\"\" 44);=\"\" font-size:=\"\" 15px;\"=\"\"><span style=\"font-size:medium;\"><span style=\"color:#ffffff;\">Plataforma de pensamiento computacional utilizada desde 1\u00b0 hasta 11\u00b0. Los estudiantes aprenden conceptos de programaci\u00f3n y resuelven retos con enfoque STEAM, fomentando habilidades digitales y l\u00f3gicas desde edades tempranas.<\/span><\/span><span style=\"color:#ffffff;\"><\/span>\n<\/p>\n\n\n\n<p style=\"text-align: left;\" color:=\"\" rgb(128,=\"\" 24,=\"\" 44);=\"\" font-size:=\"\" 15px;\"=\"\"><span style=\"font-size:medium;\"><span style=\"color:#ffffff;\">Cada estudiante cuenta con un correo institucional que le da acceso a plataformas como Google Classroom y Google Meet, especialmente \u00fatil para clases virtuales o situaciones donde el servicio presencial no est\u00e9 disponible.<\/span><\/span><span style=\"color:#ffffff;\"><\/span>\n<\/p>\n\n\n\n\n\n\n<h2>\u00a1Haz parte de la comunidad Acoinpriana! <\/h2>\n\n\n\n\n\n<p>Ven a conocer el  colegio que forma hombres y mujeres con principios Cristo-c\u00e9ntricos que transforman vidas.\n <\/p>\n\n\n\n\n\n","protected":false},"excerpt":{"rendered":"","protected":false},"author":1,"featured_media":0,"parent":0,"menu_order":0,"comment_status":"closed","ping_status":"closed","template":"","meta":{"pagelayer_contact_templates":[],"_pagelayer_content":"","footnotes":""},"class_list":["post-510","page","type-page","status-publish","hentry"],"_links":{"self":[{"href":"https:\/\/colegioacoinprev.edu.co\/es_es\/wp-json\/wp\/v2\/pages\/510","targetHints":{"allow":["GET"]}}],"collection":[{"href":"https:\/\/colegioacoinprev.edu.co\/es_es\/wp-json\/wp\/v2\/pages"}],"about":[{"href":"https:\/\/colegioacoinprev.edu.co\/es_es\/wp-json\/wp\/v2\/types\/page"}],"author":[{"embeddable":true,"href":"https:\/\/colegioacoinprev.edu.co\/es_es\/wp-json\/wp\/v2\/users\/1"}],"replies":[{"embeddable":true,"href":"https:\/\/colegioacoinprev.edu.co\/es_es\/wp-json\/wp\/v2\/comments?post=510"}],"version-history":[{"count":6,"href":"https:\/\/colegioacoinprev.edu.co\/es_es\/wp-json\/wp\/v2\/pages\/510\/revisions"}],"predecessor-version":[{"id":948,"href":"https:\/\/colegioacoinprev.edu.co\/es_es\/wp-json\/wp\/v2\/pages\/510\/revisions\/948"}],"wp:attachment":[{"href":"https:\/\/colegioacoinprev.edu.co\/es_es\/wp-json\/wp\/v2\/media?parent=510"}],"curies":[{"name":"wp","href":"https:\/\/api.w.org\/{rel}","templated":true}]}}