{"id":528,"date":"2025-06-19T20:33:18","date_gmt":"2025-06-19T20:33:18","guid":{"rendered":"https:\/\/colegioacoinprev.edu.co\/?page_id=528"},"modified":"2025-10-17T16:56:24","modified_gmt":"2025-10-17T16:56:24","slug":"enfoque-pedagogico","status":"publish","type":"page","link":"https:\/\/colegioacoinprev.edu.co\/es_es\/enfoque-pedagogico\/","title":{"rendered":"Enfoque Pedag\u00f3gico"},"content":{"rendered":"\n\n\n\n\n\n\n\n\n\n<h1>\u00abHombres y mujeres con principios Cristo-c\u00e9ntricos que transforman vidas\u00bb\n<\/h1>\n<p>En el Colegio Colombo Internacional ACOINPREV, formamos estudiantes desde los 3 a\u00f1os en Preescolar hasta la culminaci\u00f3n de la Educaci\u00f3n Media en grado Und\u00e9cimo. Nuestra propuesta educativa se basa en una s\u00f3lida formaci\u00f3n acad\u00e9mica y espiritual, comprometida con el desarrollo integral de ni\u00f1os y j\u00f3venes conforme a los principios del evangelio de Jesucristo.\n <\/p>\n\n\n\n\n\n\nNiveles acad\u00e9micos\n\n\n\n<p style=\"font-family:cabin;font-size:20px;line-height:1.5;color:#5d5d5d;\">Pre-Jard\u00edn, Jard\u00edn y Transici\u00f3n<\/p>\n\n\n<p style=\"font-family:cabin;font-size:20px;line-height:1.5;color:#5d5d5d;\">1\u00b0 a 5\u00b0 grado<\/p>\n\n\n<p style=\"font-family:cabin;font-size:20px;line-height:1.5;color:#5d5d5d;\">6\u00b0 a 9\u00b0 grado<\/p>\n\n\n<p style=\"font-family:cabin;font-size:20px;line-height:1.5;color:#5d5d5d;\">10\u00b0 y 11\u00b0 grado.<\/p>\n\n\n<p>Contamos con un bachillerato acad\u00e9mico con \u00e9nfasis en gesti\u00f3n empresarial y dise\u00f1o gr\u00e1fico, ofreciendo a nuestros estudiantes una formaci\u00f3n pertinente, creativa y orientada a  fortalecer las habilidades de emprendimiento y  desarrollo de competencias laborales que le permitan dar continuidad en los estudios superiores contribuyendo  a la mejora de su proyecto  de vida.\n\n <\/p>\n\n\n\n\n<h2>Fortalezas acad\u00e9micas<\/h2>\n\n\n\n<h2><span style=\"color: rgb(128, 24, 44); font-size: 40px;\">01<\/span>&nbsp;<span style=\"font-size: 25px;\">Educaci\u00f3n en valores<\/span><\/h2>\n<p>Contamos  superiores contribuyendo  a la mejora de su proyecto  de vida.\n\n <\/p>\n<h2><span style=\"color:#80182C;\"><span style=\"font-size: 40px; color: rgb(128, 24, 44);\">02<\/span> <\/span><span style=\"font-size: 25px;\">Ingl\u00e9s intensivo<\/span><\/h2>\n<p>Hasta 6 horas semanales, fortaleciendo la comunicaci\u00f3n biling\u00fce..\n <\/p>\n\n\n\n\n\n\n\n\n\n\n\n\n\n\n\n\n\n\n\n<h2><span style=\"color: rgb(128, 24, 44); font-size: 40px;\">03<\/span>&nbsp;<span style=\"font-size: 25px;\">PENSAMIENTO COMPUTACIONAL<\/span><\/h2>\n<p>A trav\u00e9s de una plataforma innovadora, los estudiantes aprenden programaci\u00f3n desde edades tempranas, con enfoque en retos STEAM.\n\n\n <\/p>\n<h2><span style=\"color: rgb(128, 24, 44); font-size: 35px;\">04<\/span> <span style=\"font-size: 25px;\">Proyectos Pedag\u00f3gicos complementarios<\/span><\/h2>\n<p>Feria Empresarial\nD\u00eda de la Ciencia, Matem\u00e1tica y Tecnolog\u00eda\n<br>D\u00eda del Talento\nForo de Sexualidad y Liderazgo con enfoque \u00c9tico y Cristo c\u00e9ntrico\n<p>Salidas pedag\u00f3gicas articuladas con Ciencias Sociales y Naturales\n<p>Proyectos transversales \n\n <\/p>\n\n\n\n\n\n\n<h2>Enfoque Pedag\u00f3gico<\/h2>\n\n<p>Nuestra metodolog\u00eda se fundamenta en el modelo de Aprendizaje para la Vida, que promueve un aprendizaje activo, significativo y centrado en el estudiante. Este modelo considera al estudiante como protagonista de su proceso formativo, fortaleciendo sus dimensiones:\n <\/p>\n\n\n\n\n\n\n\n\n\n\n\n\n\n\n\n\n\n\n\n\n<p> <\/p>\n\n\n\n\n\n\n\n\n\n\n\n\n\n\n\n\n\n\n\n\n<p> <\/p>\n\n\n\n\n\n\n\n\n\n\n\n\n\n\n\n\n\n\n\n\n<p> <\/p>\n\n\n\n\n\n\n\n\n\n\n\n\n\n\n\n\n\n\n\n\n<p>                                                                                                     <\/p>\n\n\n\n\n\n\n\n\n\n\n\n\n\n\n\n\n\n\n\n\n<p>\n\n<\/p>\n\n\n\n\n\n\n\n\n\n\n\n\n\n\n\n\n\n\n\n\n<p>\n\n\n<\/p>\n\n\n\n\n\n\n\n\n\n\n\n\n\n\n\n\n\n\n\n\n\n\n\n\n\n\n<h2>\u00a1Haz parte de la comunidad Acoinpriana! <\/h2>\n\n\n\n\n\n<p>Ven a conocer el  colegio que forma hombres y mujeres con principios Cristo-c\u00e9ntricos que transforman vidas.\n <\/p>\n\n\n\n\n\n","protected":false},"excerpt":{"rendered":"","protected":false},"author":1,"featured_media":0,"parent":0,"menu_order":0,"comment_status":"closed","ping_status":"closed","template":"","meta":{"pagelayer_contact_templates":[],"_pagelayer_content":"","footnotes":""},"class_list":["post-528","page","type-page","status-publish","hentry"],"_links":{"self":[{"href":"https:\/\/colegioacoinprev.edu.co\/es_es\/wp-json\/wp\/v2\/pages\/528","targetHints":{"allow":["GET"]}}],"collection":[{"href":"https:\/\/colegioacoinprev.edu.co\/es_es\/wp-json\/wp\/v2\/pages"}],"about":[{"href":"https:\/\/colegioacoinprev.edu.co\/es_es\/wp-json\/wp\/v2\/types\/page"}],"author":[{"embeddable":true,"href":"https:\/\/colegioacoinprev.edu.co\/es_es\/wp-json\/wp\/v2\/users\/1"}],"replies":[{"embeddable":true,"href":"https:\/\/colegioacoinprev.edu.co\/es_es\/wp-json\/wp\/v2\/comments?post=528"}],"version-history":[{"count":3,"href":"https:\/\/colegioacoinprev.edu.co\/es_es\/wp-json\/wp\/v2\/pages\/528\/revisions"}],"predecessor-version":[{"id":803,"href":"https:\/\/colegioacoinprev.edu.co\/es_es\/wp-json\/wp\/v2\/pages\/528\/revisions\/803"}],"wp:attachment":[{"href":"https:\/\/colegioacoinprev.edu.co\/es_es\/wp-json\/wp\/v2\/media?parent=528"}],"curies":[{"name":"wp","href":"https:\/\/api.w.org\/{rel}","templated":true}]}}