{"id":537,"date":"2025-06-19T20:33:40","date_gmt":"2025-06-19T20:33:40","guid":{"rendered":"https:\/\/colegioacoinprev.edu.co\/?page_id=537"},"modified":"2025-10-17T16:56:54","modified_gmt":"2025-10-17T16:56:54","slug":"proyecto-de-integracion-empresarial","status":"publish","type":"page","link":"https:\/\/colegioacoinprev.edu.co\/es_es\/proyecto-de-integracion-empresarial\/","title":{"rendered":"Proyecto de Integraci\u00f3n Empresarial"},"content":{"rendered":"\n\n\n\n\n\n\n\n\n\n<p>En el marco del Bachillerato Acad\u00e9mico con \u00c9nfasis en Gesti\u00f3n Empresarial y Dise\u00f1o Gr\u00e1fico, el Colegio Colombo Internacional ACOINPREV desarrolla el Proyecto de Integraci\u00f3n Empresarial, una iniciativa pedag\u00f3gica que busca fortalecer las competencias laborales, el pensamiento cr\u00edtico, la creatividad y el esp\u00edritu emprendedor de nuestros estudiantes.\n\n <\/p>\n\n\n\n\n\n\n<h2>\u00bfEn qu\u00e9 consiste?<\/h2>\n\n\n\n<p><span style=\"color:#000000;font-size: 18px;\">Este proyecto invita a los estudiantes, desde grado octavo, a desarrollar microempresas innovadoras orientadas a resolver problem\u00e1ticas reales dentro de su comunidad. Cada iniciativa parte de una pregunta de investigaci\u00f3n, lo que permite aplicar conocimientos acad\u00e9micos al contexto social y econ\u00f3mico que los rodea.<\/span>\n<\/p>\n\n\n\n\n\n\n\n\n\n\n\n\n\n\n\n\n\n\n\n\n\n\n\n\n\n\n\n\n\n\n\n\n\n\n\n\n\n\n\n\n\n\n\n\n<h2>ONLINE COURSES<\/h2>\n<p style=\"text-align: left;\"><span style=\"color: rgb(0, 0, 0); font-size: 16px;\">Ciencias Naturales\nHumanidades\nProyecto de Integraci\u00f3n Empresarial (PIE)\nEducaci\u00f3n financiera\nEducaci\u00f3n Art\u00edstica\nDoctrina Cristiana<\/span><\/p>\n<p>Procesos por grados<\/p>\n<p style=\"text-align: left;\"><span style=\"font-size: 16px;\"><span style=\"color:#000000;\"><strong>Grado 8\u00b0: <\/strong>Formulaci\u00f3n inicial del proyecto y pregunta de investigaci\u00f3n.\n<strong><br>Grado 9\u00b0 y 10\u00b0:<\/strong> Desarrollo del producto o servicio, presentaci\u00f3n del avance en la Feria Empresarial, y sustentaci\u00f3n del proceso de investigaci\u00f3n.\n<strong><\/strong><br>Grado 11\u00b0: Presentaci\u00f3n final de la monograf\u00eda, sustentaci\u00f3n escrita y exposici\u00f3n del resultado del proceso emprendedor.<\/span>\n<\/span><\/p>\n\n\n\n\n\n\n\n\n\n\n\n\n\n\n\n\n\n\n\n\n\n\n\n\n\n\n\n\n\n\n\n\n\n\n\n\n\n\n\n\n\n\n\n\n\n\n\n\n\n\n\n\n\n\n\n\n\n\n\n\n\n\n\n\n\n\n\n\n\n\n\n\n\n\n\n\n\n\n\n\n\n\n\n\n\n\n\n\n\n\n\n\n\n\n<p style=\"text-align: center;\"><span style=\"font-size: 20px;\"><strong><span style=\"color:#000000;\">La participaci\u00f3n activa en este proyecto y en la Feria Empresarial es requisito obligatorio para la promoci\u00f3n en B\u00e1sica Secundaria y la graduaci\u00f3n en Media Vocacional.<\/span>\n<\/strong><\/span><\/p>\n\n\n\n\nFeria Empresarial ACOINPREV<span><\/span>\n<p style=\"text-align: center;\"><span style=\"font-size: 18px;color:#9c9c9c;\"><span style=\"color:#000000;\">La Feria Empresarial es el escenario institucional donde los estudiantes exponen sus emprendimientos, ideas de negocio y aplican los procesos investigativos. Este evento permite visibilizar el talento estudiantil y poner en pr\u00e1ctica habilidades blandas como:<\/span><\/span><\/p>\n\n\n\n\n\n\n\n\n\n\n\n\n\n\n\n\n\n<p style=\"text-align: center;\"><span style=\"font-size: 18px;color:#9c9c9c;\"><span style=\"color:#000000;\">A trav\u00e9s de esta experiencia, nuestros estudiantes no solo desarrollan capacidades t\u00e9cnicas y acad\u00e9micas, sino tambi\u00e9n valores y principios Cristo-c\u00e9ntricos que los preparan para transformar vidas desde el liderazgo y la innovaci\u00f3n.<\/span><\/span><\/p>\n\n\n\n\n<h2>\u00a1Haz parte de la comunidad Acoinpriana! <\/h2>\n\n\n\n\n\n<p>Ven a conocer el  colegio que forma hombres y mujeres con principios Cristo-c\u00e9ntricos que transforman vidas.\n <\/p>\n\n\n\n\n\n","protected":false},"excerpt":{"rendered":"","protected":false},"author":1,"featured_media":0,"parent":0,"menu_order":0,"comment_status":"closed","ping_status":"closed","template":"","meta":{"pagelayer_contact_templates":[],"_pagelayer_content":"","footnotes":""},"class_list":["post-537","page","type-page","status-publish","hentry"],"_links":{"self":[{"href":"https:\/\/colegioacoinprev.edu.co\/es_es\/wp-json\/wp\/v2\/pages\/537","targetHints":{"allow":["GET"]}}],"collection":[{"href":"https:\/\/colegioacoinprev.edu.co\/es_es\/wp-json\/wp\/v2\/pages"}],"about":[{"href":"https:\/\/colegioacoinprev.edu.co\/es_es\/wp-json\/wp\/v2\/types\/page"}],"author":[{"embeddable":true,"href":"https:\/\/colegioacoinprev.edu.co\/es_es\/wp-json\/wp\/v2\/users\/1"}],"replies":[{"embeddable":true,"href":"https:\/\/colegioacoinprev.edu.co\/es_es\/wp-json\/wp\/v2\/comments?post=537"}],"version-history":[{"count":3,"href":"https:\/\/colegioacoinprev.edu.co\/es_es\/wp-json\/wp\/v2\/pages\/537\/revisions"}],"predecessor-version":[{"id":804,"href":"https:\/\/colegioacoinprev.edu.co\/es_es\/wp-json\/wp\/v2\/pages\/537\/revisions\/804"}],"wp:attachment":[{"href":"https:\/\/colegioacoinprev.edu.co\/es_es\/wp-json\/wp\/v2\/media?parent=537"}],"curies":[{"name":"wp","href":"https:\/\/api.w.org\/{rel}","templated":true}]}}