{"id":550,"date":"2025-06-19T20:34:52","date_gmt":"2025-06-19T20:34:52","guid":{"rendered":"https:\/\/colegioacoinprev.edu.co\/?page_id=550"},"modified":"2025-10-16T17:30:13","modified_gmt":"2025-10-16T17:30:13","slug":"departamento-pastoral","status":"publish","type":"page","link":"https:\/\/colegioacoinprev.edu.co\/es_es\/departamento-pastoral\/","title":{"rendered":"Departamento Pastoral"},"content":{"rendered":"\n\n\n\n\n\n\n\n\n\n<p>Formaci\u00f3n con principios eternos<\/p>\n<p>El Departamento Pastoral del Colegio Colombo Internacional ACOINPREV tiene como prop\u00f3sito contribuir al desarrollo integral de los estudiantes, promoviendo valores y principios Cristo-c\u00e9ntricos que fortalezcan su vida espiritual y su car\u00e1cter.\nBajo la gu\u00eda del capell\u00e1n del colegio, esta coordinaci\u00f3n espiritual lidera espacios que permiten vivir y aplicar el evangelio en el d\u00eda a d\u00eda, tanto en lo personal como en lo comunitario.\n\n <\/p>\n\n\n\n\n\n\n\n<p>Acciones pastorales destacadas<\/p>\n\n\n\n<p style=\"color: rgb(0, 0, 0); font-size: 18;\">Cada ma\u00f1ana, antes de iniciar las labores, el equipo de trabajo se re\u00fane en oraci\u00f3n, encomendando a Dios el d\u00eda y fortaleciendo la unidad institucional.<\/p>\n\n\n<p style=\"color: rgb(0, 0, 0); font-size: 18;\">Coordinados con los docentes para asegurar tiempos significativos y bien preparados, que fomenten la reflexi\u00f3n espiritual en cada grupo.<\/p>\n\n\n<p style=\"color: rgb(0, 0, 0); font-size: 18;\">Actividades especiales en el mes de octubre para estudiantes de preescolar y primaria, donde aprenden de forma vivencial y alegre sobre el amor de Jes\u00fas.<\/p>\n\n\n\n\n<p style=\"color: rgb(0, 0, 0); font-size: 18;\">Iniciativa mensual de recolecci\u00f3n de alimentos para apoyar a familias de la comunidad educativa que enfrentan situaciones dif\u00edciles..<\/p>\n\n\n<p style=\"color: rgb(0, 0, 0); font-size: 18;\">Campa\u00f1a navide\u00f1a de solidaridad en la que se recogen mercados, juguetes y ropa para bendecir a familias de sectores vulnerables. Los ni\u00f1os reciben un mensaje de esperanza y su regalo por adelantado.\n<\/p>\n\n\n\n\n\n\n<p>A trav\u00e9s de cada acci\u00f3n, el Departamento Pastoral afirma nuestro compromiso de formar hombres y mujeres con principios Cristo-c\u00e9ntricos que transforman vidas. <\/p>\n\n\n\n\n","protected":false},"excerpt":{"rendered":"","protected":false},"author":1,"featured_media":0,"parent":0,"menu_order":0,"comment_status":"closed","ping_status":"closed","template":"","meta":{"pagelayer_contact_templates":[],"_pagelayer_content":"","footnotes":""},"class_list":["post-550","page","type-page","status-publish","hentry"],"_links":{"self":[{"href":"https:\/\/colegioacoinprev.edu.co\/es_es\/wp-json\/wp\/v2\/pages\/550","targetHints":{"allow":["GET"]}}],"collection":[{"href":"https:\/\/colegioacoinprev.edu.co\/es_es\/wp-json\/wp\/v2\/pages"}],"about":[{"href":"https:\/\/colegioacoinprev.edu.co\/es_es\/wp-json\/wp\/v2\/types\/page"}],"author":[{"embeddable":true,"href":"https:\/\/colegioacoinprev.edu.co\/es_es\/wp-json\/wp\/v2\/users\/1"}],"replies":[{"embeddable":true,"href":"https:\/\/colegioacoinprev.edu.co\/es_es\/wp-json\/wp\/v2\/comments?post=550"}],"version-history":[{"count":4,"href":"https:\/\/colegioacoinprev.edu.co\/es_es\/wp-json\/wp\/v2\/pages\/550\/revisions"}],"predecessor-version":[{"id":685,"href":"https:\/\/colegioacoinprev.edu.co\/es_es\/wp-json\/wp\/v2\/pages\/550\/revisions\/685"}],"wp:attachment":[{"href":"https:\/\/colegioacoinprev.edu.co\/es_es\/wp-json\/wp\/v2\/media?parent=550"}],"curies":[{"name":"wp","href":"https:\/\/api.w.org\/{rel}","templated":true}]}}