{"id":563,"date":"2025-07-17T13:07:37","date_gmt":"2025-07-17T13:07:37","guid":{"rendered":"https:\/\/colegioacoinprev.edu.co\/?page_id=563"},"modified":"2025-10-16T17:29:53","modified_gmt":"2025-10-16T17:29:53","slug":"proceso-de-admision","status":"publish","type":"page","link":"https:\/\/colegioacoinprev.edu.co\/es_es\/proceso-de-admision\/","title":{"rendered":"Proceso de Admisi\u00f3n"},"content":{"rendered":"\n\n\n\n\n\n\n\n\n\n\n\n<h2><span style=\"color: rgb(128, 24, 44); font-size: 35px;\"><font style=\"vertical-align: inherit;\"><font style=\"vertical-align: inherit;\"><span style=\"color:#80182C;\">01<\/span> <\/font><\/font><\/span> <span style=\"color: rgb(0, 0, 0); font-family: Arial, sans-serif; font-size: 11pt; text-transform: uppercase; white-space-collapse: preserve; text-align: left; display: inline !important; float: none;\"><font style=\"vertical-align: inherit;\"><font style=\"vertical-align: inherit;\">Compra de pin<\/font><\/font><\/span><\/h2>\n<p data-start=\"257\" data-end=\"355\" style=\"color: rgb(23, 48, 65);\"><font style=\"vertical-align: inherit;\"><font style=\"vertical-align: inherit;\">Adquiere tu <\/font><\/font><strong data-start=\"269\" data-end=\"288\"><font style=\"vertical-align: inherit;\"><font style=\"vertical-align: inherit;\">PIN de admisi\u00f3n en secret<\/font><\/font><font style=\"vertical-align: inherit;\"><font style=\"vertical-align: inherit;\">ar\u00eda ($50.000)<\/font><\/font><\/strong><font style=\"vertical-align: inherit;\"><font style=\"vertical-align: inherit;\"> para acceder a nuestra plataforma en l\u00ednea. Desde all\u00ed podr\u00e1s:<\/font><\/font><\/p>\n\n\n\n\n\n\n\n\n\n\n\n\n\n\n\n\n\n\n\n\n\n\n\n\n\n<h2><span style=\"color: rgb(128, 24, 44); font-size: 35px;\"><font style=\"vertical-align: inherit;\"><font style=\"vertical-align: inherit;\"><span style=\"color:#80182C;\">02<\/span> <\/font><\/font><\/span> <span style=\"font-size: 18px;\"><font style=\"vertical-align: inherit;\"><font style=\"vertical-align: inherit;\">Entrevista<\/font><\/font><\/span><\/h2>\n<p style=\"color: rgb(23, 48, 65); text-align: right;\"><font style=\"vertical-align: inherit;\"><font style=\"vertical-align: inherit;\">Citaremos a los acudientes ( <\/font><\/font><strong data-start=\"514\" data-end=\"529\"><font style=\"vertical-align: inherit;\"><font style=\"vertical-align: inherit;\">mam\u00e1 y pap\u00e1<\/font><\/font><\/strong><font style=\"vertical-align: inherit;\"><font style=\"vertical-align: inherit;\"> ) junto con el aspirante para una entrevista con:<\/font><\/font><\/p>\n\n\n\n\n\n\n\n\n\n\n\n\n\n\n\n\n\n\n\n\n\n\n\n\n\n\n\n\n\n\n<p style=\"color: rgb(23, 48, 65); text-align: right;\"><font style=\"vertical-align: inherit;\"><font style=\"vertical-align: inherit;\">Este encuentro nos permite conocernos y resolver tus inquietudes.<\/font><\/font><\/p>\n\n\n\n\n\n\n\n\n\n\n<h2><span style=\"color:#80182C;\"><span style=\"font-size: 35px; color: rgb(128, 24, 44);\"><font style=\"vertical-align: inherit;\"><font style=\"vertical-align: inherit; color: rgb(128, 24, 44);\">03<\/font><\/font><\/span>&nbsp;<\/span><span style=\"color: rgb(0, 0, 0); font-family: Arial, sans-serif; font-size: 11pt; white-space-collapse: preserve;\"><font style=\"vertical-align: inherit;\"><font style=\"vertical-align: inherit;\"> Examen de admisi\u00f3n<\/font><\/font><\/span><\/h2>\n<p data-start=\"757\" data-end=\"801\" style=\"color: rgb(23, 48, 65);\">El aspirante presentar\u00e1 una evaluaci\u00f3n en:<\/p>\n\n\n\n\n\n\n\n\n\n\n\n\n\n\n\n\n\n\n\n\n\n\n\n\n\n\n\n\n\n\n\n\n\n\n\n\n\n\n\n\n\n\n\n\n\n\n\n\n\n\n\n\n<h2>resultados<\/h2>\n<p style=\"text-align: center; color: rgb(23, 48, 65); font-size: large;\"><font style=\"vertical-align: inherit;\"><font style=\"vertical-align: inherit;\">El resultado del proceso de admisi\u00f3n se enviar\u00e1 v\u00eda <b>WhatsApp<\/b><\/font><\/font><\/p>\n\n\n\n\n\n\n\n\n\n\n","protected":false},"excerpt":{"rendered":"","protected":false},"author":1,"featured_media":0,"parent":0,"menu_order":0,"comment_status":"closed","ping_status":"closed","template":"","meta":{"pagelayer_contact_templates":[],"_pagelayer_content":"","footnotes":""},"class_list":["post-563","page","type-page","status-publish","hentry"],"_links":{"self":[{"href":"https:\/\/colegioacoinprev.edu.co\/es_es\/wp-json\/wp\/v2\/pages\/563","targetHints":{"allow":["GET"]}}],"collection":[{"href":"https:\/\/colegioacoinprev.edu.co\/es_es\/wp-json\/wp\/v2\/pages"}],"about":[{"href":"https:\/\/colegioacoinprev.edu.co\/es_es\/wp-json\/wp\/v2\/types\/page"}],"author":[{"embeddable":true,"href":"https:\/\/colegioacoinprev.edu.co\/es_es\/wp-json\/wp\/v2\/users\/1"}],"replies":[{"embeddable":true,"href":"https:\/\/colegioacoinprev.edu.co\/es_es\/wp-json\/wp\/v2\/comments?post=563"}],"version-history":[{"count":15,"href":"https:\/\/colegioacoinprev.edu.co\/es_es\/wp-json\/wp\/v2\/pages\/563\/revisions"}],"predecessor-version":[{"id":684,"href":"https:\/\/colegioacoinprev.edu.co\/es_es\/wp-json\/wp\/v2\/pages\/563\/revisions\/684"}],"wp:attachment":[{"href":"https:\/\/colegioacoinprev.edu.co\/es_es\/wp-json\/wp\/v2\/media?parent=563"}],"curies":[{"name":"wp","href":"https:\/\/api.w.org\/{rel}","templated":true}]}}