{"id":57,"date":"2025-01-13T14:14:50","date_gmt":"2025-01-13T14:14:50","guid":{"rendered":"https:\/\/colegioacoinprev.edu.co\/home\/"},"modified":"2026-04-07T19:12:39","modified_gmt":"2026-04-07T19:12:39","slug":"home","status":"publish","type":"page","link":"https:\/\/colegioacoinprev.edu.co\/es_es\/","title":{"rendered":"Home"},"content":{"rendered":"\n\n\n\n\n\n\n\n\n\n\n\n\n\n\n\n\n\n\n\n\n\n\n\n\n\n\n<h6>Colegio Colombo Internacional ACOINPREV<\/h6>\n<h2>Educando en valores cristianos formamos lideres competentes para la vida&nbsp;<\/h2>\n\n\n\n\n\n\n<h2>Colegio Privado con calificaci\u00f3n A+<\/h2>\n\n\n\n<h2>Calendario A<\/h2>\n\n\n\n<h2>Ingl\u00e9s Intensivo<\/h2>\n\n\n\n\n\n<h2>Pre-Jardin a Grado Und\u00e9cimo<\/h2>\n\n\n\n<h2>\u00c9nfasis en Gesti\u00f3n Empresarial y Dise\u00f1o Gr\u00e1fico<\/h2>\n\n\n\n<h2>Conoce m\u00e1s&#8230;<\/h2>\n\n\n\n\n\n\n\n\n\n<h2>Nuestra Oferta Acad\u00e9mica<\/h2>\n\n\n\n\n\n\n\n\n\n\n\n\n\n\n\n\n\n\n\n\n\n\n<h2>Lee las \u00faltimas noticias<\/h2>\n<p>No te pierdas de ninguna de nuestras actividades y mantente enterado de los logros y acontecimientos de nuestros estudiantes acoinprianos. <\/p>\n\n\n\n\n\n\n\n\n\n<h2>Somos ACOINPREV<\/h2>\n\n\n\n\n\n\n\n\n\n\n\n\n<p><span><\/span><\/p>\n\n\n\n\n\n\n\n\n\n\n\n\n\n\n\n\n\n\n\n<h2>\u00danete a la familia Acoinprev<\/h2>\n\n\n\n\n\n","protected":false},"excerpt":{"rendered":"","protected":false},"author":1,"featured_media":0,"parent":0,"menu_order":0,"comment_status":"closed","ping_status":"closed","template":"","meta":{"pagelayer_contact_templates":[],"_pagelayer_content":"","footnotes":""},"class_list":["post-57","page","type-page","status-publish","hentry"],"_links":{"self":[{"href":"https:\/\/colegioacoinprev.edu.co\/es_es\/wp-json\/wp\/v2\/pages\/57","targetHints":{"allow":["GET"]}}],"collection":[{"href":"https:\/\/colegioacoinprev.edu.co\/es_es\/wp-json\/wp\/v2\/pages"}],"about":[{"href":"https:\/\/colegioacoinprev.edu.co\/es_es\/wp-json\/wp\/v2\/types\/page"}],"author":[{"embeddable":true,"href":"https:\/\/colegioacoinprev.edu.co\/es_es\/wp-json\/wp\/v2\/users\/1"}],"replies":[{"embeddable":true,"href":"https:\/\/colegioacoinprev.edu.co\/es_es\/wp-json\/wp\/v2\/comments?post=57"}],"version-history":[{"count":52,"href":"https:\/\/colegioacoinprev.edu.co\/es_es\/wp-json\/wp\/v2\/pages\/57\/revisions"}],"predecessor-version":[{"id":997,"href":"https:\/\/colegioacoinprev.edu.co\/es_es\/wp-json\/wp\/v2\/pages\/57\/revisions\/997"}],"wp:attachment":[{"href":"https:\/\/colegioacoinprev.edu.co\/es_es\/wp-json\/wp\/v2\/media?parent=57"}],"curies":[{"name":"wp","href":"https:\/\/api.w.org\/{rel}","templated":true}]}}