{"id":806,"date":"2025-10-20T17:43:56","date_gmt":"2025-10-20T17:43:56","guid":{"rendered":"https:\/\/colegioacoinprev.edu.co\/?page_id=806"},"modified":"2025-12-01T18:19:16","modified_gmt":"2025-12-01T18:19:16","slug":"matriculas","status":"publish","type":"page","link":"https:\/\/colegioacoinprev.edu.co\/es_es\/matriculas\/","title":{"rendered":"Matr\u00edcula"},"content":{"rendered":"\n\n\n\n\n\n\n\n<p style=\"text-align: center; font-size: large;\"><span data-start=\"215\" data-end=\"239\">En el Colegio<\/span><strong data-start=\"215\" data-end=\"239\"> ACOINPREV<\/strong>&nbsp;acompa\u00f1amos a cada familia en cada paso de este proceso, <br>garantizando claridad, orden y una atenci\u00f3n basada en nuestros valores cristianos.<\/p>\n\n\n\n\n\n\n<p style=\"color: rgb(23, 48, 65);\">Descargue y diligencie los documentos requeridos para el proceso de matr\u00edcula.&nbsp;<\/p><p style=\"color: rgb(23, 48, 65);\">Estos garantizan el cumplimiento de los lineamientos institucionales y del Ministerio de Educaci\u00f3n Nacional.<\/p>\n\n\n\n\n\n\n\n\n\n\n\n\n\n\n\n\n\n<p>Cargue en la plataforma udeki los documentos solicitados, verifique que todos los archivos est\u00e9n completos y legibles para evitar demoras en el proceso. Estos documentos ser\u00e1n verificados y solamente podr\u00e1 formalizar la matr\u00edcula <strong>si estos se encuentran aprobados por la instituci\u00f3n.<\/strong><\/p>\n\n\n\n<p>Realice el pago correspondiente a la matr\u00edcula seg\u00fan el nivel acad\u00e9mico. Una vez realizado el pago, podr\u00e1 avanzar al siguiente paso del proceso.<\/p>\n\n\n\n\n\n\n\n<p>Formalice el proceso firmando la matr\u00edcula&nbsp;<span style=\"font-family: Poppins;\">con la copia del comprobante de pago,&nbsp;<\/span><span style=\"font-family: Poppins;\">de manera presencial en la instituci\u00f3n. Solamente se puede acercar a firmar, si en la plataforma udeki aparece que los <\/span><strong>documentos han sido verificados<\/strong><\/p>\n\n\n\n\n\n\n\n\n\n\n\n\n","protected":false},"excerpt":{"rendered":"","protected":false},"author":1,"featured_media":0,"parent":0,"menu_order":0,"comment_status":"closed","ping_status":"closed","template":"","meta":{"pagelayer_contact_templates":[],"_pagelayer_content":"","footnotes":""},"class_list":["post-806","page","type-page","status-publish","hentry"],"_links":{"self":[{"href":"https:\/\/colegioacoinprev.edu.co\/es_es\/wp-json\/wp\/v2\/pages\/806","targetHints":{"allow":["GET"]}}],"collection":[{"href":"https:\/\/colegioacoinprev.edu.co\/es_es\/wp-json\/wp\/v2\/pages"}],"about":[{"href":"https:\/\/colegioacoinprev.edu.co\/es_es\/wp-json\/wp\/v2\/types\/page"}],"author":[{"embeddable":true,"href":"https:\/\/colegioacoinprev.edu.co\/es_es\/wp-json\/wp\/v2\/users\/1"}],"replies":[{"embeddable":true,"href":"https:\/\/colegioacoinprev.edu.co\/es_es\/wp-json\/wp\/v2\/comments?post=806"}],"version-history":[{"count":31,"href":"https:\/\/colegioacoinprev.edu.co\/es_es\/wp-json\/wp\/v2\/pages\/806\/revisions"}],"predecessor-version":[{"id":976,"href":"https:\/\/colegioacoinprev.edu.co\/es_es\/wp-json\/wp\/v2\/pages\/806\/revisions\/976"}],"wp:attachment":[{"href":"https:\/\/colegioacoinprev.edu.co\/es_es\/wp-json\/wp\/v2\/media?parent=806"}],"curies":[{"name":"wp","href":"https:\/\/api.w.org\/{rel}","templated":true}]}}